{"id":52,"date":"2025-02-05T13:18:07","date_gmt":"2025-02-05T12:18:07","guid":{"rendered":"https:\/\/sandnesskoyter.no\/?page_id=52"},"modified":"2026-01-10T22:13:01","modified_gmt":"2026-01-10T21:13:01","slug":"medlsemskap","status":"publish","type":"page","link":"https:\/\/sandnesskoyter.no\/?page_id=52","title":{"rendered":"Medlemskap"},"content":{"rendered":"\n<p>Medlemskontingenten for hele \u00e5ret 2026 er Kr. 300,- for hele familien. Som familiemedlem kan alle f\u00e5 gratis inngangskort til V\u00e5r energi arena S\u00f8rmarka og ha det g\u00f8y p\u00e5 isen sammen! Enkeltmedlem i klubben koster kr. 150,-.<\/p>\n\n\n\n<p>Barn fra 6-18 \u00e5r l\u00e5ner jakke (og trikot) av klubben. Videre har klubben sk\u00f8yter til utl\u00e5n i st\u00f8rrelse 28-ca 42 (Kr.100 per seasong).<\/p>\n\n\n\n<p>Innmelding i klubben gj\u00f8r du selv via&nbsp;<a href=\"https:\/\/minidrett.nif.no\/\">minidrett.no<\/a> S\u00f8k da opp &#8220;Idrettslaget Sandnes Sk\u00f8yter&#8221;.&nbsp;<\/p>\n\n\n\n<p>I det daglige benytter vi Spond &#8211; &#8220;IL Sandnes Sk\u00f8yter&#8221;. Spondkode: WCEPE<\/p>\n\n\n\n<p><\/p>\n","protected":false},"excerpt":{"rendered":"<p>Medlemskontingenten for hele \u00e5ret 2026 er Kr. 300,- for hele familien. Som familiemedlem kan alle f\u00e5 gratis inngangskort til V\u00e5r energi arena S\u00f8rmarka og ha det g\u00f8y p\u00e5 isen sammen! Enkeltmedlem i klubben koster kr. 150,-. Barn fra 6-18 \u00e5r l\u00e5ner jakke (og trikot) av klubben. Videre har klubben sk\u00f8yter til utl\u00e5n i st\u00f8rrelse 28-ca &hellip; <a href=\"https:\/\/sandnesskoyter.no\/?page_id=52\" class=\"more-link\">Continue reading <span class=\"screen-reader-text\">Medlemskap<\/span><\/a><\/p>\n","protected":false},"author":1,"featured_media":0,"parent":0,"menu_order":0,"comment_status":"closed","ping_status":"closed","template":"","meta":{"footnotes":""},"class_list":["post-52","page","type-page","status-publish","hentry"],"_links":{"self":[{"href":"https:\/\/sandnesskoyter.no\/index.php?rest_route=\/wp\/v2\/pages\/52","targetHints":{"allow":["GET"]}}],"collection":[{"href":"https:\/\/sandnesskoyter.no\/index.php?rest_route=\/wp\/v2\/pages"}],"about":[{"href":"https:\/\/sandnesskoyter.no\/index.php?rest_route=\/wp\/v2\/types\/page"}],"author":[{"embeddable":true,"href":"https:\/\/sandnesskoyter.no\/index.php?rest_route=\/wp\/v2\/users\/1"}],"replies":[{"embeddable":true,"href":"https:\/\/sandnesskoyter.no\/index.php?rest_route=%2Fwp%2Fv2%2Fcomments&post=52"}],"version-history":[{"count":6,"href":"https:\/\/sandnesskoyter.no\/index.php?rest_route=\/wp\/v2\/pages\/52\/revisions"}],"predecessor-version":[{"id":120,"href":"https:\/\/sandnesskoyter.no\/index.php?rest_route=\/wp\/v2\/pages\/52\/revisions\/120"}],"wp:attachment":[{"href":"https:\/\/sandnesskoyter.no\/index.php?rest_route=%2Fwp%2Fv2%2Fmedia&parent=52"}],"curies":[{"name":"wp","href":"https:\/\/api.w.org\/{rel}","templated":true}]}}