{"id":108,"date":"2025-08-21T15:54:41","date_gmt":"2025-08-21T14:54:41","guid":{"rendered":"https:\/\/sandnesskoyter.no\/?page_id=108"},"modified":"2026-01-10T22:17:02","modified_gmt":"2026-01-10T21:17:02","slug":"treningstider","status":"publish","type":"page","link":"https:\/\/sandnesskoyter.no\/?page_id=108","title":{"rendered":"Treningstider"},"content":{"rendered":"\n<p>Velkommen til en ny season med sk\u00f8yter<br><br>N\u00e5 er skolen i gang igjen og vi starter opp igjen med rullesk\u00f8yteskole p\u00e5 S\u00f8rb\u00f8. Dette holder vi p\u00e5 frem til isen kommer i S\u00f8rmarka (slutten av september)<\/p>\n\n\n\n<p><strong>Aug 2026 &#8211; Sept 2026 &#8211; Basketball ground ved siden av S\u00f8rbohallen<\/strong><\/p>\n\n\n\n<p>Man: 17:30 &#8211; 18:30<br>Tor  : 17:30 &#8211; 18:30<\/p>\n\n\n\n<p><strong>Oct 2025 &#8211; Mar 2026 &#8211; S\u00f8rmarka Arena, Stavanger<\/strong><\/p>\n\n\n\n<p>Vi har sk\u00f8yteskole p\u00e5 f\u00f8lgende tidspunkt frem til 20.mars.2026<br>Man: 17:30 &#8211; 18:30<br>Tor: 17:15 &#8211; 18:00<\/p>\n\n\n\n<p>I tilleg har vi tilgang til S\u00f8rmarka arena p\u00e5 egen trening<\/p>\n\n\n\n<p><strong>Lengelop:<\/strong><\/p>\n\n\n\n<p>Man: 17 &#8211; 21<br>Ons : 18 &#8211; 21<br>Tor : 17 &#8211; 21<br>L\u00f8r : 09 &#8211; 11<br>S\u00f8n : 10 &#8211; 11<\/p>\n\n\n\n<p><strong>Pingvin<\/strong>:<\/p>\n\n\n\n<p>Man: 17:30 &#8211; 18 (Organisert trening)<br>L\u00f8r : 09 &#8211; 11<\/p>\n\n\n\n<p><strong>Isbingen:<\/strong><\/p>\n\n\n\n<p>Man: 18 &#8211; 18:30 (Organisert trening)<br>Tor: 17:15 -18 (Organisert trening)<\/p>\n","protected":false},"excerpt":{"rendered":"<p>Velkommen til en ny season med sk\u00f8yter N\u00e5 er skolen i gang igjen og vi starter opp igjen med rullesk\u00f8yteskole p\u00e5 S\u00f8rb\u00f8. Dette holder vi p\u00e5 frem til isen kommer i S\u00f8rmarka (slutten av september) Aug 2026 &#8211; Sept 2026 &#8211; Basketball ground ved siden av S\u00f8rbohallen Man: 17:30 &#8211; 18:30Tor : 17:30 &#8211; 18:30 &hellip; <a href=\"https:\/\/sandnesskoyter.no\/?page_id=108\" class=\"more-link\">Continue reading <span class=\"screen-reader-text\">Treningstider<\/span><\/a><\/p>\n","protected":false},"author":1,"featured_media":0,"parent":0,"menu_order":0,"comment_status":"closed","ping_status":"closed","template":"","meta":{"footnotes":""},"class_list":["post-108","page","type-page","status-publish","hentry"],"_links":{"self":[{"href":"https:\/\/sandnesskoyter.no\/index.php?rest_route=\/wp\/v2\/pages\/108","targetHints":{"allow":["GET"]}}],"collection":[{"href":"https:\/\/sandnesskoyter.no\/index.php?rest_route=\/wp\/v2\/pages"}],"about":[{"href":"https:\/\/sandnesskoyter.no\/index.php?rest_route=\/wp\/v2\/types\/page"}],"author":[{"embeddable":true,"href":"https:\/\/sandnesskoyter.no\/index.php?rest_route=\/wp\/v2\/users\/1"}],"replies":[{"embeddable":true,"href":"https:\/\/sandnesskoyter.no\/index.php?rest_route=%2Fwp%2Fv2%2Fcomments&post=108"}],"version-history":[{"count":4,"href":"https:\/\/sandnesskoyter.no\/index.php?rest_route=\/wp\/v2\/pages\/108\/revisions"}],"predecessor-version":[{"id":122,"href":"https:\/\/sandnesskoyter.no\/index.php?rest_route=\/wp\/v2\/pages\/108\/revisions\/122"}],"wp:attachment":[{"href":"https:\/\/sandnesskoyter.no\/index.php?rest_route=%2Fwp%2Fv2%2Fmedia&parent=108"}],"curies":[{"name":"wp","href":"https:\/\/api.w.org\/{rel}","templated":true}]}}